{"id":8,"date":"2025-08-23T04:52:21","date_gmt":"2025-08-23T04:52:21","guid":{"rendered":"https:\/\/10001.themedemo.top\/?page_id=8"},"modified":"2025-10-15T05:09:59","modified_gmt":"2025-10-15T05:09:59","slug":"a-propos-de-nous","status":"publish","type":"page","link":"https:\/\/10001.themedemo.top\/fr\/a-propos-de-nous\/","title":{"rendered":"\u00c0 propos de nous"},"content":{"rendered":"<div data-elementor-type=\"wp-page\" data-elementor-id=\"8\" class=\"elementor elementor-8\" data-elementor-post-type=\"page\">\n\t\t\t\t<div data-particle_enable=\"false\" data-particle-mobile-disabled=\"false\" class=\"elementor-element elementor-element-65d0e56 e-flex e-con-boxed e-con e-parent\" data-id=\"65d0e56\" data-element_type=\"container\" data-settings=\"{&quot;background_background&quot;:&quot;classic&quot;}\">\n\t\t\t\t\t<div class=\"e-con-inner\">\n\t\t\t\t<div class=\"elementor-element elementor-element-9f4b414 elementor-widget elementor-widget-heading\" data-id=\"9f4b414\" data-element_type=\"widget\" data-widget_type=\"heading.default\">\n\t\t\t\t\t<h2 class=\"elementor-heading-title elementor-size-default\">\u00c0 propos de nous<\/h2>\t\t\t\t<\/div>\n\t\t\t\t<div class=\"elementor-element elementor-element-f1723a5 elementor-widget elementor-widget-breadcrumbs\" data-id=\"f1723a5\" data-element_type=\"widget\" data-widget_type=\"breadcrumbs.default\">\n\t\t\t\t\t<p id=\"breadcrumbs\"><span><span><a href=\"https:\/\/10001.themedemo.top\/fr\/\">Accueil<\/a><\/span><\/span><\/p>\t\t\t\t<\/div>\n\t\t\t\t\t<\/div>\n\t\t\t\t<\/div>\n\t\t<div data-particle_enable=\"false\" data-particle-mobile-disabled=\"false\" class=\"elementor-element elementor-element-63b602b e-flex e-con-boxed e-con e-parent\" data-id=\"63b602b\" data-element_type=\"container\" id=\"about\">\n\t\t\t\t\t<div class=\"e-con-inner\">\n\t\t<div data-particle_enable=\"false\" data-particle-mobile-disabled=\"false\" class=\"elementor-element elementor-element-dc15f1a e-con-full e-grid e-con e-child\" data-id=\"dc15f1a\" data-element_type=\"container\" data-settings=\"{&quot;background_background&quot;:&quot;classic&quot;}\">\n\t\t<div data-particle_enable=\"false\" data-particle-mobile-disabled=\"false\" class=\"elementor-element elementor-element-f30a72c e-con-full e-flex e-con e-child\" data-id=\"f30a72c\" data-element_type=\"container\">\n\t\t\t\t<div class=\"elementor-element elementor-element-079b361 elementor-widget elementor-widget-heading\" data-id=\"079b361\" data-element_type=\"widget\" data-widget_type=\"heading.default\">\n\t\t\t\t\t<h1 class=\"elementor-heading-title elementor-size-default\">\u00c0 propos de nous<\/h1>\t\t\t\t<\/div>\n\t\t\t\t<div class=\"elementor-element elementor-element-7686aad elementor-widget-divider--view-line elementor-widget elementor-widget-divider\" data-id=\"7686aad\" data-element_type=\"widget\" data-widget_type=\"divider.default\">\n\t\t\t\t\t\t\t<div class=\"elementor-divider\">\n\t\t\t<span class=\"elementor-divider-separator\">\n\t\t\t\t\t\t<\/span>\n\t\t<\/div>\n\t\t\t\t\t\t<\/div>\n\t\t\t\t<div class=\"elementor-element elementor-element-f7d67ad elementor-widget elementor-widget-image\" data-id=\"f7d67ad\" data-element_type=\"widget\" data-widget_type=\"image.default\">\n\t\t\t\t\t\t\t\t\t\t\t\t\t\t\t<img fetchpriority=\"high\" decoding=\"async\" width=\"571\" height=\"300\" src=\"https:\/\/10001.themedemo.top\/wp-content\/uploads\/2025\/08\/6ebb48bd60b2b606.jpg\" class=\"attachment-large size-large wp-image-429\" alt=\"\" \/>\t\t\t\t\t\t\t\t\t\t\t\t\t\t\t<\/div>\n\t\t\t\t<\/div>\n\t\t<div data-particle_enable=\"false\" data-particle-mobile-disabled=\"false\" class=\"elementor-element elementor-element-78fda35 e-con-full e-flex e-con e-child\" data-id=\"78fda35\" data-element_type=\"container\">\n\t\t\t\t<div class=\"elementor-element elementor-element-d410066 elementor-widget elementor-widget-text-editor\" data-id=\"d410066\" data-element_type=\"widget\" data-widget_type=\"text-editor.default\">\n\t\t\t\t\t\t\t\t\t<p>Lorem ipsum dolor sit amet, consectetur adipiscing elit. Maecenas libero odio, porta in semper ac, ullamcorper ac eros. Etiam vitae mi eu lacus scelerisque pharetra. Nulla consequat ante quis sem mattis, eu ornare sem ornare. Donec elementum ipsum non fermentum sollicitudin. Pellentesque habitant morbi tristique senectus et netus et malesuada fames ac turpis egestas.<\/p>\n<p>Sed tristique mauris a risus lacinia, et tristique justo tristique. Suspendisse auctor id quam in pellentesque. Suspendisse rutrum, libero eu faucibus eleifend, dolor ipsum viverra ipsum, vel semper ipsum urna id felis. Mauris aliquam nec diam et dignissim. Orci varius natoque penatibus et magnis dis parturient montes, nascetur ridiculus mus.\u00a0<\/p>\n<p>Pellentesque euismod consequat lacus, non consectetur libero condimentum at. Nulla lectus nulla, tempus eget euismod eget, vestibulum id magna. Mauris semper urna a nulla tempus, id tristique justo placerat. Aliquam venenatis diam a metus consectetur, vel fermentum\u00a0<\/p>\t\t\t\t\t\t\t\t<\/div>\n\t\t\t\t<\/div>\n\t\t\t\t<\/div>\n\t\t\t\t\t<\/div>\n\t\t\t\t<\/div>\n\t\t<div data-particle_enable=\"false\" data-particle-mobile-disabled=\"false\" class=\"elementor-element elementor-element-29f6855 e-flex e-con-boxed e-con e-parent\" data-id=\"29f6855\" data-element_type=\"container\" id=\"vision\">\n\t\t\t\t\t<div class=\"e-con-inner\">\n\t\t<div data-particle_enable=\"false\" data-particle-mobile-disabled=\"false\" class=\"elementor-element elementor-element-f825d9a e-con-full e-grid e-con e-child\" data-id=\"f825d9a\" data-element_type=\"container\">\n\t\t<div data-particle_enable=\"false\" data-particle-mobile-disabled=\"false\" class=\"elementor-element elementor-element-689de85 e-con-full e-flex e-con e-child\" data-id=\"689de85\" data-element_type=\"container\">\n\t\t\t\t<div class=\"elementor-element elementor-element-811b958 elementor-widget elementor-widget-image\" data-id=\"811b958\" data-element_type=\"widget\" data-widget_type=\"image.default\">\n\t\t\t\t\t\t\t\t\t\t\t\t\t\t\t<img decoding=\"async\" width=\"640\" height=\"360\" src=\"https:\/\/10001.themedemo.top\/wp-content\/uploads\/2025\/08\/pexels-nova-lv-155338973-29923355.jpg\" class=\"attachment-large size-large wp-image-365\" alt=\"\" \/>\t\t\t\t\t\t\t\t\t\t\t\t\t\t\t<\/div>\n\t\t\t\t<\/div>\n\t\t<div data-particle_enable=\"false\" data-particle-mobile-disabled=\"false\" class=\"elementor-element elementor-element-e27ab59 e-con-full e-flex e-con e-child\" data-id=\"e27ab59\" data-element_type=\"container\">\n\t\t\t\t<div class=\"elementor-element elementor-element-da6495f elementor-widget elementor-widget-heading\" data-id=\"da6495f\" data-element_type=\"widget\" data-widget_type=\"heading.default\">\n\t\t\t\t\t<h2 class=\"elementor-heading-title elementor-size-default\">Notre vision<\/h2>\t\t\t\t<\/div>\n\t\t\t\t<div class=\"elementor-element elementor-element-9233905 elementor-widget elementor-widget-text-editor\" data-id=\"9233905\" data-element_type=\"widget\" data-widget_type=\"text-editor.default\">\n\t\t\t\t\t\t\t\t\t<p>Notre usine dispose de trois sites de production qui couvrent une superficie de 500 acres et une zone de construction d'usine de 100 000 m\u00e8tres carr\u00e9s. Nous d\u00e9veloppons en permanence des produits de pointe conformes aux normes internationales afin de r\u00e9pondre \u00e0 la demande des consommateurs. Nous pouvons offrir \u00e0 nos clients tous les types de solutions avec diff\u00e9rents mod\u00e8les de machines. Nous avons export\u00e9 des machines \u00e0 blocs dans plus de 116 pays sur les cinq continents et jouissons d'une excellente r\u00e9putation aupr\u00e8s de tous nos clients. Actuellement, nous sommes en mesure d'offrir \u00e0 nos clients tous les types de solutions avec diff\u00e9rents mod\u00e8les de machines.<\/p>\t\t\t\t\t\t\t\t<\/div>\n\t\t\t\t<div class=\"elementor-element elementor-element-2d8f811 elementor-widget elementor-widget-button\" data-id=\"2d8f811\" data-element_type=\"widget\" data-widget_type=\"button.default\">\n\t\t\t\t\t\t\t\t\t\t<a class=\"elementor-button elementor-button-link elementor-size-sm\" href=\"#\">\n\t\t\t\t\t\t<span class=\"elementor-button-content-wrapper\">\n\t\t\t\t\t\t\t\t\t<span class=\"elementor-button-text\">Obtenir un devis gratuit<\/span>\n\t\t\t\t\t<\/span>\n\t\t\t\t\t<\/a>\n\t\t\t\t\t\t\t\t<\/div>\n\t\t\t\t<\/div>\n\t\t\t\t<\/div>\n\t\t\t\t\t<\/div>\n\t\t\t\t<\/div>\n\t\t\t\t<\/div>","protected":false},"excerpt":{"rendered":"<p>About Us Lorem ipsum dolor sit amet, consectetur adipiscing elit. Maecenas libero odio, porta in semper ac, ullamcorper ac eros. Etiam vitae mi eu lacus scelerisque pharetra. Nulla consequat ante quis sem mattis, eu ornare sem ornare. Donec elementum ipsum non fermentum sollicitudin. Pellentesque habitant morbi tristique senectus et netus et malesuada fames ac turpis [&hellip;]<\/p>","protected":false},"author":1,"featured_media":0,"parent":0,"menu_order":0,"comment_status":"closed","ping_status":"closed","template":"","meta":{"footnotes":""},"class_list":["post-8","page","type-page","status-publish","hentry"],"yoast_head":"<!-- This site is optimized with the Yoast SEO Premium plugin v25.7.1 (Yoast SEO v26.1.1) - https:\/\/yoast.com\/wordpress\/plugins\/seo\/ -->\n<title>About Us - mechanical<\/title>\n<meta name=\"robots\" content=\"index, follow, max-snippet:-1, max-image-preview:large, max-video-preview:-1\" \/>\n<link rel=\"canonical\" href=\"https:\/\/10001.themedemo.top\/fr\/a-propos-de-nous\/\" \/>\n<meta property=\"og:locale\" content=\"fr_FR\" \/>\n<meta property=\"og:type\" content=\"article\" \/>\n<meta property=\"og:title\" content=\"About Us\" \/>\n<meta property=\"og:description\" content=\"About Us Lorem ipsum dolor sit amet, consectetur adipiscing elit. Maecenas libero odio, porta in semper ac, ullamcorper ac eros. Etiam vitae mi eu lacus scelerisque pharetra. Nulla consequat ante quis sem mattis, eu ornare sem ornare. Donec elementum ipsum non fermentum sollicitudin. Pellentesque habitant morbi tristique senectus et netus et malesuada fames ac turpis [&hellip;]\" \/>\n<meta property=\"og:url\" content=\"https:\/\/10001.themedemo.top\/fr\/a-propos-de-nous\/\" \/>\n<meta property=\"og:site_name\" content=\"mechanical\" \/>\n<meta property=\"article:modified_time\" content=\"2025-10-15T05:09:59+00:00\" \/>\n<meta property=\"og:image\" content=\"https:\/\/10001.themedemo.top\/wp-content\/uploads\/2025\/08\/6ebb48bd60b2b606.jpg\" \/>\n\t<meta property=\"og:image:width\" content=\"571\" \/>\n\t<meta property=\"og:image:height\" content=\"300\" \/>\n\t<meta property=\"og:image:type\" content=\"image\/jpeg\" \/>\n<meta name=\"twitter:card\" content=\"summary_large_image\" \/>\n<meta name=\"twitter:label1\" content=\"Dur\u00e9e de lecture estim\u00e9e\" \/>\n\t<meta name=\"twitter:data1\" content=\"1 minute\" \/>\n<script type=\"application\/ld+json\" class=\"yoast-schema-graph\">{\"@context\":\"https:\/\/schema.org\",\"@graph\":[{\"@type\":\"WebPage\",\"@id\":\"https:\/\/10001.themedemo.top\/about-us\/\",\"url\":\"https:\/\/10001.themedemo.top\/about-us\/\",\"name\":\"About Us - mechanical\",\"isPartOf\":{\"@id\":\"https:\/\/10001.themedemo.top\/#website\"},\"primaryImageOfPage\":{\"@id\":\"https:\/\/10001.themedemo.top\/about-us\/#primaryimage\"},\"image\":{\"@id\":\"https:\/\/10001.themedemo.top\/about-us\/#primaryimage\"},\"thumbnailUrl\":\"https:\/\/10001.themedemo.top\/wp-content\/uploads\/2025\/08\/6ebb48bd60b2b606.jpg\",\"datePublished\":\"2025-08-23T04:52:21+00:00\",\"dateModified\":\"2025-10-15T05:09:59+00:00\",\"breadcrumb\":{\"@id\":\"https:\/\/10001.themedemo.top\/about-us\/#breadcrumb\"},\"inLanguage\":\"fr-FR\",\"potentialAction\":[{\"@type\":\"ReadAction\",\"target\":[\"https:\/\/10001.themedemo.top\/about-us\/\"]}]},{\"@type\":\"ImageObject\",\"inLanguage\":\"fr-FR\",\"@id\":\"https:\/\/10001.themedemo.top\/about-us\/#primaryimage\",\"url\":\"https:\/\/10001.themedemo.top\/wp-content\/uploads\/2025\/08\/6ebb48bd60b2b606.jpg\",\"contentUrl\":\"https:\/\/10001.themedemo.top\/wp-content\/uploads\/2025\/08\/6ebb48bd60b2b606.jpg\"},{\"@type\":\"BreadcrumbList\",\"@id\":\"https:\/\/10001.themedemo.top\/about-us\/#breadcrumb\",\"itemListElement\":[{\"@type\":\"ListItem\",\"position\":1,\"name\":\"Home\",\"item\":\"https:\/\/10001.themedemo.top\/\"},{\"@type\":\"ListItem\",\"position\":2,\"name\":\"About Us\"}]},{\"@type\":\"WebSite\",\"@id\":\"https:\/\/10001.themedemo.top\/#website\",\"url\":\"https:\/\/10001.themedemo.top\/\",\"name\":\"mechanical\",\"description\":\"\",\"publisher\":{\"@id\":\"https:\/\/10001.themedemo.top\/#organization\"},\"potentialAction\":[{\"@type\":\"SearchAction\",\"target\":{\"@type\":\"EntryPoint\",\"urlTemplate\":\"https:\/\/10001.themedemo.top\/?s={search_term_string}\"},\"query-input\":{\"@type\":\"PropertyValueSpecification\",\"valueRequired\":true,\"valueName\":\"search_term_string\"}}],\"inLanguage\":\"fr-FR\"},{\"@type\":\"Organization\",\"@id\":\"https:\/\/10001.themedemo.top\/#organization\",\"name\":\"mechanical\",\"url\":\"https:\/\/10001.themedemo.top\/\",\"logo\":{\"@type\":\"ImageObject\",\"inLanguage\":\"fr-FR\",\"@id\":\"https:\/\/10001.themedemo.top\/#\/schema\/logo\/image\/\",\"url\":\"https:\/\/10001.themedemo.top\/wp-content\/uploads\/2025\/08\/logo-1.png\",\"contentUrl\":\"https:\/\/10001.themedemo.top\/wp-content\/uploads\/2025\/08\/logo-1.png\",\"width\":300,\"height\":90,\"caption\":\"mechanical\"},\"image\":{\"@id\":\"https:\/\/10001.themedemo.top\/#\/schema\/logo\/image\/\"}}]}<\/script>\n<!-- \/ Yoast SEO Premium plugin. -->","yoast_head_json":{"title":"\u00c0 propos de nous - m\u00e9canique","robots":{"index":"index","follow":"follow","max-snippet":"max-snippet:-1","max-image-preview":"max-image-preview:large","max-video-preview":"max-video-preview:-1"},"canonical":"https:\/\/10001.themedemo.top\/fr\/a-propos-de-nous\/","og_locale":"fr_FR","og_type":"article","og_title":"About Us","og_description":"About Us Lorem ipsum dolor sit amet, consectetur adipiscing elit. Maecenas libero odio, porta in semper ac, ullamcorper ac eros. Etiam vitae mi eu lacus scelerisque pharetra. Nulla consequat ante quis sem mattis, eu ornare sem ornare. Donec elementum ipsum non fermentum sollicitudin. Pellentesque habitant morbi tristique senectus et netus et malesuada fames ac turpis [&hellip;]","og_url":"https:\/\/10001.themedemo.top\/fr\/a-propos-de-nous\/","og_site_name":"mechanical","article_modified_time":"2025-10-15T05:09:59+00:00","og_image":[{"width":571,"height":300,"url":"https:\/\/10001.themedemo.top\/wp-content\/uploads\/2025\/08\/6ebb48bd60b2b606.jpg","type":"image\/jpeg"}],"twitter_card":"summary_large_image","twitter_misc":{"Dur\u00e9e de lecture estim\u00e9e":"1 minute"},"schema":{"@context":"https:\/\/schema.org","@graph":[{"@type":"WebPage","@id":"https:\/\/10001.themedemo.top\/about-us\/","url":"https:\/\/10001.themedemo.top\/about-us\/","name":"\u00c0 propos de nous - m\u00e9canique","isPartOf":{"@id":"https:\/\/10001.themedemo.top\/#website"},"primaryImageOfPage":{"@id":"https:\/\/10001.themedemo.top\/about-us\/#primaryimage"},"image":{"@id":"https:\/\/10001.themedemo.top\/about-us\/#primaryimage"},"thumbnailUrl":"https:\/\/10001.themedemo.top\/wp-content\/uploads\/2025\/08\/6ebb48bd60b2b606.jpg","datePublished":"2025-08-23T04:52:21+00:00","dateModified":"2025-10-15T05:09:59+00:00","breadcrumb":{"@id":"https:\/\/10001.themedemo.top\/about-us\/#breadcrumb"},"inLanguage":"fr-FR","potentialAction":[{"@type":"ReadAction","target":["https:\/\/10001.themedemo.top\/about-us\/"]}]},{"@type":"ImageObject","inLanguage":"fr-FR","@id":"https:\/\/10001.themedemo.top\/about-us\/#primaryimage","url":"https:\/\/10001.themedemo.top\/wp-content\/uploads\/2025\/08\/6ebb48bd60b2b606.jpg","contentUrl":"https:\/\/10001.themedemo.top\/wp-content\/uploads\/2025\/08\/6ebb48bd60b2b606.jpg"},{"@type":"BreadcrumbList","@id":"https:\/\/10001.themedemo.top\/about-us\/#breadcrumb","itemListElement":[{"@type":"ListItem","position":1,"name":"Home","item":"https:\/\/10001.themedemo.top\/"},{"@type":"ListItem","position":2,"name":"About Us"}]},{"@type":"WebSite","@id":"https:\/\/10001.themedemo.top\/#website","url":"https:\/\/10001.themedemo.top\/","name":"m\u00e9canique","description":"","publisher":{"@id":"https:\/\/10001.themedemo.top\/#organization"},"potentialAction":[{"@type":"SearchAction","target":{"@type":"EntryPoint","urlTemplate":"https:\/\/10001.themedemo.top\/?s={search_term_string}"},"query-input":{"@type":"PropertyValueSpecification","valueRequired":true,"valueName":"search_term_string"}}],"inLanguage":"fr-FR"},{"@type":"Organization","@id":"https:\/\/10001.themedemo.top\/#organization","name":"m\u00e9canique","url":"https:\/\/10001.themedemo.top\/","logo":{"@type":"ImageObject","inLanguage":"fr-FR","@id":"https:\/\/10001.themedemo.top\/#\/schema\/logo\/image\/","url":"https:\/\/10001.themedemo.top\/wp-content\/uploads\/2025\/08\/logo-1.png","contentUrl":"https:\/\/10001.themedemo.top\/wp-content\/uploads\/2025\/08\/logo-1.png","width":300,"height":90,"caption":"mechanical"},"image":{"@id":"https:\/\/10001.themedemo.top\/#\/schema\/logo\/image\/"}}]}},"_links":{"self":[{"href":"https:\/\/10001.themedemo.top\/fr\/wp-json\/wp\/v2\/pages\/8","targetHints":{"allow":["GET"]}}],"collection":[{"href":"https:\/\/10001.themedemo.top\/fr\/wp-json\/wp\/v2\/pages"}],"about":[{"href":"https:\/\/10001.themedemo.top\/fr\/wp-json\/wp\/v2\/types\/page"}],"author":[{"embeddable":true,"href":"https:\/\/10001.themedemo.top\/fr\/wp-json\/wp\/v2\/users\/1"}],"replies":[{"embeddable":true,"href":"https:\/\/10001.themedemo.top\/fr\/wp-json\/wp\/v2\/comments?post=8"}],"version-history":[{"count":67,"href":"https:\/\/10001.themedemo.top\/fr\/wp-json\/wp\/v2\/pages\/8\/revisions"}],"predecessor-version":[{"id":731,"href":"https:\/\/10001.themedemo.top\/fr\/wp-json\/wp\/v2\/pages\/8\/revisions\/731"}],"wp:attachment":[{"href":"https:\/\/10001.themedemo.top\/fr\/wp-json\/wp\/v2\/media?parent=8"}],"curies":[{"name":"wp","href":"https:\/\/api.w.org\/{rel}","templated":true}]}}