{"id":221,"date":"2025-08-24T00:28:46","date_gmt":"2025-08-24T00:28:46","guid":{"rendered":"https:\/\/10001.themedemo.top\/?post_type=product&#038;p=221"},"modified":"2025-08-24T03:34:55","modified_gmt":"2025-08-24T03:34:55","slug":"produit-8","status":"publish","type":"product","link":"https:\/\/10001.themedemo.top\/fr\/product\/produit-8\/","title":{"rendered":"produit 8"},"content":{"rendered":"<p>Lorem ipsum dolor sit amet, consectetur adipiscing elit. Integer ut interdum ligula. Lorem ipsum dolor sit amet, consectetur adipiscing elit. Cras sagittis lacus a libero scelerisque bibendum. Nullam lacinia tincidunt ante non lobortis. Sed ornare, mauris at cursus facilisis, arcu ultricies eros, nec dapibus est neque eget nulla. Vestibulum ex nisi, vulputate ut felis vitae, dignissim interdum enim. La lumi\u00e8re a \u00e9t\u00e9 sollicit\u00e9e, et il n'a pas \u00e9t\u00e9 possible d'obtenir des r\u00e9sultats satisfaisants. Aenean venenatis lectus et lacus condimentum egestas. Morbi at ornare metus, id egestas neque. Aenean lorem nunc, commodo ut tempor non, pellentesque quis odio. Nulla scelerisque id dolor non faucibus. Sed suscipit mi eu leo mollis, finibus interdum augue consequat. Praesent pretium libero ultricies, aliquet enim in, auctor lorem. Quisque sit amet ligula id mi sagittis lacinia ac sed augue. Lorem ipsum dolor sit amet, consectetur adipiscing elit. Maecenas id lectus eget massa ullamcorper rhoncus a et nunc.<\/p>\n<p>Vestibulum ante ipsum primis in faucibus orci luctus et ultrices posuere cubilia curae ; Quisque ligula purus, luctus ac augue vitae, ultricies ullamcorper sapien. Quisque et leo dolor. Nulla ultrices dictum ultrices. Maecenas lobortis nisi at nisl blandit, quis cursus odio sollicitudin. Vestibulum ante ipsum primis in faucibus orci luctus et ultrices posuere cubilia curae ; Integer pulvinar enim in cursus elementum. Aenean consectetur felis ura, ac maximus nisl suscipit sed. In hac habitasse platea dictumst. Nam laoreet tempus purus nec consectetur.<\/p>\n<p>Phasellus ultrices, lectus a bibendum maximus, nunc turpis bibendum ligula, vitae ullamcorper nunc nibh quis nisi. Nulla cursus vitae lorem ut dignissim. Sed interdum imperdiet sodales. In faucibus consectetur placerat. In maximus, purus non congue eleifend, metus magna hendrerit libero, sit amet consectetur est ligula eget eros. Cras dignissim risus eu rhoncus ultricies. Duis euismod sapien id nibh venenatis hendrerit. Les r\u00e9sultats de l'enqu\u00eate ont \u00e9t\u00e9 publi\u00e9s dans le journal de l'Observatoire de l'Union europ\u00e9enne. Sed convallis sapien a gravida tempus.<\/p>\n<p>Nam ut metus mattis, mollis nisl interdum, dapibus leo. Fusce blandit orci non maximus hendrerit. Morbi dignissim risus sed arcu fermentum efficitur. Vivamus tristique et mi vel congue. Les enfants ont \u00e9t\u00e9 mis \u00e0 l'\u00e9cart de l'\u00e9cole et de la soci\u00e9t\u00e9, et les enfants sont rest\u00e9s \u00e0 l'\u00e9cole. Le texte de l'article est en anglais, mais il est en fran\u00e7ais. Maecenas malesuada ipsum eu dui aliquet rhoncus. Cras feugiat vestibulum nibh quis suscipit. Quisque et rhoncus nulla. Aenean faucibus magna at erat interdum, sed aliquet magna placerat. Praesent id accumsan sem. Mauris accumsan volutpat porta.<\/p>\n<p>Donec ornare, dolor in convallis dictum, elit ante finibus enim, in aliquam turpis lacus vel neque. Curabitur fringilla turpis justo, eget sodales purus finibus quis. La vie de l'enfant a \u00e9t\u00e9 marqu\u00e9e par la pr\u00e9sence d'un v\u00e9hicule, d'une machine et d'un corps, et par le fait qu'il n'y a pas eu de portage de la part de l'enfant. Aliquam porta quis sapien eu convallis. Integer ac libero molestie, porttitor risus id, scelerisque ante. In lorem ante, mollis in nunc eu, hendrerit tincidunt nunc. Nam condimentum auctor mauris vitae tincidunt. Cras cursus sapien et iaculis elementum. Nulla magna risus, mollis in varius in, tincidunt eget ipsum. Integer vitae volutpat nisl. Vestibulum elit nunc, finibus sit amet lacinia sed, elementum ut tortor. Vestibulum ante ipsum primis in faucibus orci luctus et ultrices posuere cubilia curae ; Nunc vehicula neque nec gravida condimentum. Aliquam id interdum nisi. Vivamus nisl leo, elementum et interdum a, accumsan a enim. Sed tempor leo mi, sit amet congue sem mattis ut.<\/p>","protected":false},"excerpt":{"rendered":"<p>Nam ut metus mattis, mollis nisl interdum, dapibus leo. Fusce blandit orci non maximus hendrerit. Morbi dignissim risus sed arcu fermentum efficitur<\/p>","protected":false},"featured_media":215,"comment_status":"open","ping_status":"closed","template":"","meta":[],"product_brand":[],"product_cat":[26],"product_tag":[],"class_list":{"0":"post-221","1":"product","2":"type-product","3":"status-publish","4":"has-post-thumbnail","6":"product_cat-hydraulic-equipment","8":"first","9":"instock","10":"featured","11":"shipping-taxable","12":"product-type-simple"},"yoast_head":"<!-- This site is optimized with the Yoast SEO Premium plugin v25.7.1 (Yoast SEO v26.1.1) - https:\/\/yoast.com\/wordpress\/plugins\/seo\/ -->\n<title>product 8 - mechanical<\/title>\n<meta name=\"robots\" content=\"index, follow, max-snippet:-1, max-image-preview:large, max-video-preview:-1\" \/>\n<link rel=\"canonical\" href=\"https:\/\/10001.themedemo.top\/fr\/product\/produit-8\/\" \/>\n<meta property=\"og:locale\" content=\"fr_FR\" \/>\n<meta property=\"og:type\" content=\"article\" \/>\n<meta property=\"og:title\" content=\"product 8\" \/>\n<meta property=\"og:description\" content=\"Nam ut metus mattis, mollis nisl interdum, dapibus leo. Fusce blandit orci non maximus hendrerit. Morbi dignissim risus sed arcu fermentum efficitur\" \/>\n<meta property=\"og:url\" content=\"https:\/\/10001.themedemo.top\/fr\/product\/produit-8\/\" \/>\n<meta property=\"og:site_name\" content=\"mechanical\" \/>\n<meta property=\"article:modified_time\" content=\"2025-08-24T03:34:55+00:00\" \/>\n<meta property=\"og:image\" content=\"https:\/\/10001.themedemo.top\/wp-content\/uploads\/2025\/08\/wheel-loader-mini51416133104.webp\" \/>\n\t<meta property=\"og:image:width\" content=\"750\" \/>\n\t<meta property=\"og:image:height\" content=\"750\" \/>\n\t<meta property=\"og:image:type\" content=\"image\/webp\" \/>\n<meta name=\"twitter:card\" content=\"summary_large_image\" \/>\n<meta name=\"twitter:label1\" content=\"Dur\u00e9e de lecture estim\u00e9e\" \/>\n\t<meta name=\"twitter:data1\" content=\"3 minutes\" \/>\n<script type=\"application\/ld+json\" class=\"yoast-schema-graph\">{\"@context\":\"https:\/\/schema.org\",\"@graph\":[{\"@type\":\"WebPage\",\"@id\":\"https:\/\/10001.themedemo.top\/product\/product-8\/\",\"url\":\"https:\/\/10001.themedemo.top\/product\/product-8\/\",\"name\":\"product 8 - mechanical\",\"isPartOf\":{\"@id\":\"https:\/\/10001.themedemo.top\/#website\"},\"primaryImageOfPage\":{\"@id\":\"https:\/\/10001.themedemo.top\/product\/product-8\/#primaryimage\"},\"image\":{\"@id\":\"https:\/\/10001.themedemo.top\/product\/product-8\/#primaryimage\"},\"thumbnailUrl\":\"https:\/\/10001.themedemo.top\/wp-content\/uploads\/2025\/08\/wheel-loader-mini51416133104.webp\",\"datePublished\":\"2025-08-24T00:28:46+00:00\",\"dateModified\":\"2025-08-24T03:34:55+00:00\",\"breadcrumb\":{\"@id\":\"https:\/\/10001.themedemo.top\/product\/product-8\/#breadcrumb\"},\"inLanguage\":\"fr-FR\",\"potentialAction\":[{\"@type\":\"ReadAction\",\"target\":[\"https:\/\/10001.themedemo.top\/product\/product-8\/\"]}]},{\"@type\":\"ImageObject\",\"inLanguage\":\"fr-FR\",\"@id\":\"https:\/\/10001.themedemo.top\/product\/product-8\/#primaryimage\",\"url\":\"https:\/\/10001.themedemo.top\/wp-content\/uploads\/2025\/08\/wheel-loader-mini51416133104.webp\",\"contentUrl\":\"https:\/\/10001.themedemo.top\/wp-content\/uploads\/2025\/08\/wheel-loader-mini51416133104.webp\",\"width\":750,\"height\":750},{\"@type\":\"BreadcrumbList\",\"@id\":\"https:\/\/10001.themedemo.top\/product\/product-8\/#breadcrumb\",\"itemListElement\":[{\"@type\":\"ListItem\",\"position\":1,\"name\":\"Home\",\"item\":\"https:\/\/10001.themedemo.top\/\"},{\"@type\":\"ListItem\",\"position\":2,\"name\":\"Products\",\"item\":\"https:\/\/10001.themedemo.top\/products\/\"},{\"@type\":\"ListItem\",\"position\":3,\"name\":\"Industrial Machinery\",\"item\":\"https:\/\/10001.themedemo.top\/product-category\/industrial-machinery\/\"},{\"@type\":\"ListItem\",\"position\":4,\"name\":\"Hydraulic Equipment\",\"item\":\"https:\/\/10001.themedemo.top\/product-category\/industrial-machinery\/hydraulic-equipment\/\"},{\"@type\":\"ListItem\",\"position\":5,\"name\":\"product 8\"}]},{\"@type\":\"WebSite\",\"@id\":\"https:\/\/10001.themedemo.top\/#website\",\"url\":\"https:\/\/10001.themedemo.top\/\",\"name\":\"mechanical\",\"description\":\"\",\"publisher\":{\"@id\":\"https:\/\/10001.themedemo.top\/#organization\"},\"potentialAction\":[{\"@type\":\"SearchAction\",\"target\":{\"@type\":\"EntryPoint\",\"urlTemplate\":\"https:\/\/10001.themedemo.top\/?s={search_term_string}\"},\"query-input\":{\"@type\":\"PropertyValueSpecification\",\"valueRequired\":true,\"valueName\":\"search_term_string\"}}],\"inLanguage\":\"fr-FR\"},{\"@type\":\"Organization\",\"@id\":\"https:\/\/10001.themedemo.top\/#organization\",\"name\":\"mechanical\",\"url\":\"https:\/\/10001.themedemo.top\/\",\"logo\":{\"@type\":\"ImageObject\",\"inLanguage\":\"fr-FR\",\"@id\":\"https:\/\/10001.themedemo.top\/#\/schema\/logo\/image\/\",\"url\":\"https:\/\/10001.themedemo.top\/wp-content\/uploads\/2025\/08\/logo-1.png\",\"contentUrl\":\"https:\/\/10001.themedemo.top\/wp-content\/uploads\/2025\/08\/logo-1.png\",\"width\":300,\"height\":90,\"caption\":\"mechanical\"},\"image\":{\"@id\":\"https:\/\/10001.themedemo.top\/#\/schema\/logo\/image\/\"}}]}<\/script>\n<!-- \/ Yoast SEO Premium plugin. -->","yoast_head_json":{"title":"produit 8 - m\u00e9canique","robots":{"index":"index","follow":"follow","max-snippet":"max-snippet:-1","max-image-preview":"max-image-preview:large","max-video-preview":"max-video-preview:-1"},"canonical":"https:\/\/10001.themedemo.top\/fr\/product\/produit-8\/","og_locale":"fr_FR","og_type":"article","og_title":"product 8","og_description":"Nam ut metus mattis, mollis nisl interdum, dapibus leo. Fusce blandit orci non maximus hendrerit. Morbi dignissim risus sed arcu fermentum efficitur","og_url":"https:\/\/10001.themedemo.top\/fr\/product\/produit-8\/","og_site_name":"mechanical","article_modified_time":"2025-08-24T03:34:55+00:00","og_image":[{"width":750,"height":750,"url":"https:\/\/10001.themedemo.top\/wp-content\/uploads\/2025\/08\/wheel-loader-mini51416133104.webp","type":"image\/webp"}],"twitter_card":"summary_large_image","twitter_misc":{"Dur\u00e9e de lecture estim\u00e9e":"3 minutes"},"schema":{"@context":"https:\/\/schema.org","@graph":[{"@type":"WebPage","@id":"https:\/\/10001.themedemo.top\/product\/product-8\/","url":"https:\/\/10001.themedemo.top\/product\/product-8\/","name":"produit 8 - m\u00e9canique","isPartOf":{"@id":"https:\/\/10001.themedemo.top\/#website"},"primaryImageOfPage":{"@id":"https:\/\/10001.themedemo.top\/product\/product-8\/#primaryimage"},"image":{"@id":"https:\/\/10001.themedemo.top\/product\/product-8\/#primaryimage"},"thumbnailUrl":"https:\/\/10001.themedemo.top\/wp-content\/uploads\/2025\/08\/wheel-loader-mini51416133104.webp","datePublished":"2025-08-24T00:28:46+00:00","dateModified":"2025-08-24T03:34:55+00:00","breadcrumb":{"@id":"https:\/\/10001.themedemo.top\/product\/product-8\/#breadcrumb"},"inLanguage":"fr-FR","potentialAction":[{"@type":"ReadAction","target":["https:\/\/10001.themedemo.top\/product\/product-8\/"]}]},{"@type":"ImageObject","inLanguage":"fr-FR","@id":"https:\/\/10001.themedemo.top\/product\/product-8\/#primaryimage","url":"https:\/\/10001.themedemo.top\/wp-content\/uploads\/2025\/08\/wheel-loader-mini51416133104.webp","contentUrl":"https:\/\/10001.themedemo.top\/wp-content\/uploads\/2025\/08\/wheel-loader-mini51416133104.webp","width":750,"height":750},{"@type":"BreadcrumbList","@id":"https:\/\/10001.themedemo.top\/product\/product-8\/#breadcrumb","itemListElement":[{"@type":"ListItem","position":1,"name":"Home","item":"https:\/\/10001.themedemo.top\/"},{"@type":"ListItem","position":2,"name":"Products","item":"https:\/\/10001.themedemo.top\/products\/"},{"@type":"ListItem","position":3,"name":"Industrial Machinery","item":"https:\/\/10001.themedemo.top\/product-category\/industrial-machinery\/"},{"@type":"ListItem","position":4,"name":"Hydraulic Equipment","item":"https:\/\/10001.themedemo.top\/product-category\/industrial-machinery\/hydraulic-equipment\/"},{"@type":"ListItem","position":5,"name":"product 8"}]},{"@type":"WebSite","@id":"https:\/\/10001.themedemo.top\/#website","url":"https:\/\/10001.themedemo.top\/","name":"m\u00e9canique","description":"","publisher":{"@id":"https:\/\/10001.themedemo.top\/#organization"},"potentialAction":[{"@type":"SearchAction","target":{"@type":"EntryPoint","urlTemplate":"https:\/\/10001.themedemo.top\/?s={search_term_string}"},"query-input":{"@type":"PropertyValueSpecification","valueRequired":true,"valueName":"search_term_string"}}],"inLanguage":"fr-FR"},{"@type":"Organization","@id":"https:\/\/10001.themedemo.top\/#organization","name":"m\u00e9canique","url":"https:\/\/10001.themedemo.top\/","logo":{"@type":"ImageObject","inLanguage":"fr-FR","@id":"https:\/\/10001.themedemo.top\/#\/schema\/logo\/image\/","url":"https:\/\/10001.themedemo.top\/wp-content\/uploads\/2025\/08\/logo-1.png","contentUrl":"https:\/\/10001.themedemo.top\/wp-content\/uploads\/2025\/08\/logo-1.png","width":300,"height":90,"caption":"mechanical"},"image":{"@id":"https:\/\/10001.themedemo.top\/#\/schema\/logo\/image\/"}}]}},"_links":{"self":[{"href":"https:\/\/10001.themedemo.top\/fr\/wp-json\/wp\/v2\/product\/221","targetHints":{"allow":["GET"]}}],"collection":[{"href":"https:\/\/10001.themedemo.top\/fr\/wp-json\/wp\/v2\/product"}],"about":[{"href":"https:\/\/10001.themedemo.top\/fr\/wp-json\/wp\/v2\/types\/product"}],"replies":[{"embeddable":true,"href":"https:\/\/10001.themedemo.top\/fr\/wp-json\/wp\/v2\/comments?post=221"}],"wp:featuredmedia":[{"embeddable":true,"href":"https:\/\/10001.themedemo.top\/fr\/wp-json\/wp\/v2\/media\/215"}],"wp:attachment":[{"href":"https:\/\/10001.themedemo.top\/fr\/wp-json\/wp\/v2\/media?parent=221"}],"wp:term":[{"taxonomy":"product_brand","embeddable":true,"href":"https:\/\/10001.themedemo.top\/fr\/wp-json\/wp\/v2\/product_brand?post=221"},{"taxonomy":"product_cat","embeddable":true,"href":"https:\/\/10001.themedemo.top\/fr\/wp-json\/wp\/v2\/product_cat?post=221"},{"taxonomy":"product_tag","embeddable":true,"href":"https:\/\/10001.themedemo.top\/fr\/wp-json\/wp\/v2\/product_tag?post=221"}],"curies":[{"name":"wp","href":"https:\/\/api.w.org\/{rel}","templated":true}]}}