{"id":306,"date":"2025-08-24T03:22:44","date_gmt":"2025-08-24T03:22:44","guid":{"rendered":"https:\/\/10001.themedemo.top\/?post_type=product&#038;p=306"},"modified":"2025-08-24T03:34:41","modified_gmt":"2025-08-24T03:34:41","slug":"produit-13","status":"publish","type":"product","link":"https:\/\/10001.themedemo.top\/fr\/product\/produit-13\/","title":{"rendered":"produit 13"},"content":{"rendered":"<p>Lorem ipsum dolor sit amet, consectetur adipiscing elit. Duis est mauris, iaculis et augue ac, rutrum tristique eros. Suspendisse augue mi, faucibus sed arcu nec, hendrerit fringilla dolor. Fusce consequat lacus eu turpis suscipit, eu iaculis risus dapibus. Sed at sodales justo. Pellentesque aliquam magna eu quam condimentum blandit. Curabitur finibus ex vel dolor ornare dictum in et elit. Nulla diam ex, accumsan eu massa a, eleifend interdum quam. Donec at scelerisque ligula. Duis dictum leo id sem imperdiet, sit amet dignissim dolor pellentesque. Quisque auctor euismod sem quis egestas. Sed quis odio quis tellus aliquet pulvinar non quis elit. Proin eu lacus condimentum odio aliquam porttitor.<\/p>\n<p>Mauris lacinia, risus ut vulputate sagittis, quam orci scelerisque arcu, a iaculis elit massa imperdiet arcu. Praesent posuere fringilla lobortis. Les mots et les phrases sont en anglais, mais les mots et les phrases sont en fran\u00e7ais et en anglais. Etiam sit amet fringilla lectus. Vivamus tempus, ipsum quis elementum sagittis, felis metus lobortis neque, at aliquet risus sapien in orci. Nullam non elit ut enim aliquam feugiat. Pellentesque eu neque non dolor feugiat pellentesque et vitae nulla.<\/p>\n<p>Sed ornare imperdiet fermentum. Vivamus efficitur eleifend dapibus. Nulla rhoncus congue vestibulum. Nullam tincidunt, tellus eu mattis semper, massa nibh aliquam nisl, id vehicula metus ante nec tortor. Duis dapibus dolor sit amet sapien aliquam, tincidunt porttitor metus consectetur. Pellentesque ultrices at arcu at aliquet. Proin nec auctor eros. Vestibulum at erat massa. Phasellus vestibulum ligula neque, at placerat magna feugiat et. Aliquam a finibus felis. Le corps de l'enfant a \u00e9t\u00e9 vulcanis\u00e9 en trois parties, et le corps de l'enfant a \u00e9t\u00e9 enlev\u00e9 de l'eau. Vestibulum vel viverra metus. Ut suscipit sodales libero, nec congue odio bibendum non.<\/p>\n<p>Donec nec ornare augue. Phasellus est leo, maximus non magna eu, iaculis dapibus leo. Vestibulum non enim est. Proin a dictum tellus, ut blandit justo. Aenean euismod malesuada massa, a euismod ipsum lacinia sed. Integer vulputate neque velit, sit amet dignissim nisl dictum eu. Donec id placerat mauris, in accumsan urna. Mauris nunc tellus, porttitor quis sagittis sed, ullamcorper eget ante.<\/p>\n<p>Sed egestas lacus eget ultricies semper. Vestibulum ultrices velit lectus, eget iaculis est vehicula ut. Etiam nec turpis tempus, pellentesque tortor et, fringilla ex. Nullam tellus enim, iaculis vitae vulputate at, lacinia non quam. In hac habitasse platea dictumst. Duis sagittis tincidunt erat, nec viverra libero faucibus in. Praesent lobortis, dolor sed mollis ultricies, dui justo ultrices dolor, sit amet aliquet erat enim quis dolor. Ut rhoncus lobortis enim eu porttitor. Etiam consectetur tortor dolor, nec gravida lorem vehicula quis. Curabitur facilisis diam non varius convallis. Nullam rutrum tortor et iaculis varius. Nam fermentum quam id dolor tincidunt, at mattis purus accumsan. Phasellus lobortis, est et ullamcorper bibendum, leo erat lacinia massa, sed sodales erat ligula sed dolor. Class aptent taciti sociosqu ad litora torquent per conubia nostra, per inceptos himenaeos. Integer condimentum sit amet sapien vitae accumsan. Mauris placerat facilisis libero, nec posuere tortor feugiat auctor.<\/p>","protected":false},"excerpt":{"rendered":"<p>Mauris lacinia, risus ut vulputate sagittis, quam orci scelerisque arcu, a iaculis elit massa imperdiet arcu. Praesent posuere fringilla lobortis<\/p>","protected":false},"featured_media":213,"comment_status":"open","ping_status":"closed","template":"","meta":[],"product_brand":[],"product_cat":[32],"product_tag":[],"class_list":{"0":"post-306","1":"product","2":"type-product","3":"status-publish","4":"has-post-thumbnail","6":"product_cat-cranes","8":"first","9":"instock","10":"featured","11":"shipping-taxable","12":"product-type-simple"},"yoast_head":"<!-- This site is optimized with the Yoast SEO Premium plugin v25.7.1 (Yoast SEO v26.1.1) - https:\/\/yoast.com\/wordpress\/plugins\/seo\/ -->\n<title>product 13 - mechanical<\/title>\n<meta name=\"robots\" content=\"index, follow, max-snippet:-1, max-image-preview:large, max-video-preview:-1\" \/>\n<link rel=\"canonical\" href=\"https:\/\/10001.themedemo.top\/fr\/product\/produit-13\/\" \/>\n<meta property=\"og:locale\" content=\"fr_FR\" \/>\n<meta property=\"og:type\" content=\"article\" \/>\n<meta property=\"og:title\" content=\"product 13\" \/>\n<meta property=\"og:description\" content=\"Mauris lacinia, risus ut vulputate sagittis, quam orci scelerisque arcu, a iaculis elit massa imperdiet arcu. Praesent posuere fringilla lobortis\" \/>\n<meta property=\"og:url\" content=\"https:\/\/10001.themedemo.top\/fr\/product\/produit-13\/\" \/>\n<meta property=\"og:site_name\" content=\"mechanical\" \/>\n<meta property=\"article:modified_time\" content=\"2025-08-24T03:34:41+00:00\" \/>\n<meta property=\"og:image\" content=\"https:\/\/10001.themedemo.top\/wp-content\/uploads\/2025\/08\/mover-lawn39190130797.webp\" \/>\n\t<meta property=\"og:image:width\" content=\"731\" \/>\n\t<meta property=\"og:image:height\" content=\"669\" \/>\n\t<meta property=\"og:image:type\" content=\"image\/webp\" \/>\n<meta name=\"twitter:card\" content=\"summary_large_image\" \/>\n<meta name=\"twitter:label1\" content=\"Dur\u00e9e de lecture estim\u00e9e\" \/>\n\t<meta name=\"twitter:data1\" content=\"3 minutes\" \/>\n<script type=\"application\/ld+json\" class=\"yoast-schema-graph\">{\"@context\":\"https:\/\/schema.org\",\"@graph\":[{\"@type\":\"WebPage\",\"@id\":\"https:\/\/10001.themedemo.top\/product\/product-13\/\",\"url\":\"https:\/\/10001.themedemo.top\/product\/product-13\/\",\"name\":\"product 13 - mechanical\",\"isPartOf\":{\"@id\":\"https:\/\/10001.themedemo.top\/#website\"},\"primaryImageOfPage\":{\"@id\":\"https:\/\/10001.themedemo.top\/product\/product-13\/#primaryimage\"},\"image\":{\"@id\":\"https:\/\/10001.themedemo.top\/product\/product-13\/#primaryimage\"},\"thumbnailUrl\":\"https:\/\/10001.themedemo.top\/wp-content\/uploads\/2025\/08\/mover-lawn39190130797.webp\",\"datePublished\":\"2025-08-24T03:22:44+00:00\",\"dateModified\":\"2025-08-24T03:34:41+00:00\",\"breadcrumb\":{\"@id\":\"https:\/\/10001.themedemo.top\/product\/product-13\/#breadcrumb\"},\"inLanguage\":\"fr-FR\",\"potentialAction\":[{\"@type\":\"ReadAction\",\"target\":[\"https:\/\/10001.themedemo.top\/product\/product-13\/\"]}]},{\"@type\":\"ImageObject\",\"inLanguage\":\"fr-FR\",\"@id\":\"https:\/\/10001.themedemo.top\/product\/product-13\/#primaryimage\",\"url\":\"https:\/\/10001.themedemo.top\/wp-content\/uploads\/2025\/08\/mover-lawn39190130797.webp\",\"contentUrl\":\"https:\/\/10001.themedemo.top\/wp-content\/uploads\/2025\/08\/mover-lawn39190130797.webp\",\"width\":731,\"height\":669},{\"@type\":\"BreadcrumbList\",\"@id\":\"https:\/\/10001.themedemo.top\/product\/product-13\/#breadcrumb\",\"itemListElement\":[{\"@type\":\"ListItem\",\"position\":1,\"name\":\"Home\",\"item\":\"https:\/\/10001.themedemo.top\/\"},{\"@type\":\"ListItem\",\"position\":2,\"name\":\"Products\",\"item\":\"https:\/\/10001.themedemo.top\/products\/\"},{\"@type\":\"ListItem\",\"position\":3,\"name\":\"Construction Equipment\",\"item\":\"https:\/\/10001.themedemo.top\/product-category\/construction-equipment\/\"},{\"@type\":\"ListItem\",\"position\":4,\"name\":\"Cranes\",\"item\":\"https:\/\/10001.themedemo.top\/product-category\/construction-equipment\/cranes\/\"},{\"@type\":\"ListItem\",\"position\":5,\"name\":\"product 13\"}]},{\"@type\":\"WebSite\",\"@id\":\"https:\/\/10001.themedemo.top\/#website\",\"url\":\"https:\/\/10001.themedemo.top\/\",\"name\":\"mechanical\",\"description\":\"\",\"publisher\":{\"@id\":\"https:\/\/10001.themedemo.top\/#organization\"},\"potentialAction\":[{\"@type\":\"SearchAction\",\"target\":{\"@type\":\"EntryPoint\",\"urlTemplate\":\"https:\/\/10001.themedemo.top\/?s={search_term_string}\"},\"query-input\":{\"@type\":\"PropertyValueSpecification\",\"valueRequired\":true,\"valueName\":\"search_term_string\"}}],\"inLanguage\":\"fr-FR\"},{\"@type\":\"Organization\",\"@id\":\"https:\/\/10001.themedemo.top\/#organization\",\"name\":\"mechanical\",\"url\":\"https:\/\/10001.themedemo.top\/\",\"logo\":{\"@type\":\"ImageObject\",\"inLanguage\":\"fr-FR\",\"@id\":\"https:\/\/10001.themedemo.top\/#\/schema\/logo\/image\/\",\"url\":\"https:\/\/10001.themedemo.top\/wp-content\/uploads\/2025\/08\/logo-1.png\",\"contentUrl\":\"https:\/\/10001.themedemo.top\/wp-content\/uploads\/2025\/08\/logo-1.png\",\"width\":300,\"height\":90,\"caption\":\"mechanical\"},\"image\":{\"@id\":\"https:\/\/10001.themedemo.top\/#\/schema\/logo\/image\/\"}}]}<\/script>\n<!-- \/ Yoast SEO Premium plugin. -->","yoast_head_json":{"title":"produit 13 - m\u00e9canique","robots":{"index":"index","follow":"follow","max-snippet":"max-snippet:-1","max-image-preview":"max-image-preview:large","max-video-preview":"max-video-preview:-1"},"canonical":"https:\/\/10001.themedemo.top\/fr\/product\/produit-13\/","og_locale":"fr_FR","og_type":"article","og_title":"product 13","og_description":"Mauris lacinia, risus ut vulputate sagittis, quam orci scelerisque arcu, a iaculis elit massa imperdiet arcu. Praesent posuere fringilla lobortis","og_url":"https:\/\/10001.themedemo.top\/fr\/product\/produit-13\/","og_site_name":"mechanical","article_modified_time":"2025-08-24T03:34:41+00:00","og_image":[{"width":731,"height":669,"url":"https:\/\/10001.themedemo.top\/wp-content\/uploads\/2025\/08\/mover-lawn39190130797.webp","type":"image\/webp"}],"twitter_card":"summary_large_image","twitter_misc":{"Dur\u00e9e de lecture estim\u00e9e":"3 minutes"},"schema":{"@context":"https:\/\/schema.org","@graph":[{"@type":"WebPage","@id":"https:\/\/10001.themedemo.top\/product\/product-13\/","url":"https:\/\/10001.themedemo.top\/product\/product-13\/","name":"produit 13 - m\u00e9canique","isPartOf":{"@id":"https:\/\/10001.themedemo.top\/#website"},"primaryImageOfPage":{"@id":"https:\/\/10001.themedemo.top\/product\/product-13\/#primaryimage"},"image":{"@id":"https:\/\/10001.themedemo.top\/product\/product-13\/#primaryimage"},"thumbnailUrl":"https:\/\/10001.themedemo.top\/wp-content\/uploads\/2025\/08\/mover-lawn39190130797.webp","datePublished":"2025-08-24T03:22:44+00:00","dateModified":"2025-08-24T03:34:41+00:00","breadcrumb":{"@id":"https:\/\/10001.themedemo.top\/product\/product-13\/#breadcrumb"},"inLanguage":"fr-FR","potentialAction":[{"@type":"ReadAction","target":["https:\/\/10001.themedemo.top\/product\/product-13\/"]}]},{"@type":"ImageObject","inLanguage":"fr-FR","@id":"https:\/\/10001.themedemo.top\/product\/product-13\/#primaryimage","url":"https:\/\/10001.themedemo.top\/wp-content\/uploads\/2025\/08\/mover-lawn39190130797.webp","contentUrl":"https:\/\/10001.themedemo.top\/wp-content\/uploads\/2025\/08\/mover-lawn39190130797.webp","width":731,"height":669},{"@type":"BreadcrumbList","@id":"https:\/\/10001.themedemo.top\/product\/product-13\/#breadcrumb","itemListElement":[{"@type":"ListItem","position":1,"name":"Home","item":"https:\/\/10001.themedemo.top\/"},{"@type":"ListItem","position":2,"name":"Products","item":"https:\/\/10001.themedemo.top\/products\/"},{"@type":"ListItem","position":3,"name":"Construction Equipment","item":"https:\/\/10001.themedemo.top\/product-category\/construction-equipment\/"},{"@type":"ListItem","position":4,"name":"Cranes","item":"https:\/\/10001.themedemo.top\/product-category\/construction-equipment\/cranes\/"},{"@type":"ListItem","position":5,"name":"product 13"}]},{"@type":"WebSite","@id":"https:\/\/10001.themedemo.top\/#website","url":"https:\/\/10001.themedemo.top\/","name":"m\u00e9canique","description":"","publisher":{"@id":"https:\/\/10001.themedemo.top\/#organization"},"potentialAction":[{"@type":"SearchAction","target":{"@type":"EntryPoint","urlTemplate":"https:\/\/10001.themedemo.top\/?s={search_term_string}"},"query-input":{"@type":"PropertyValueSpecification","valueRequired":true,"valueName":"search_term_string"}}],"inLanguage":"fr-FR"},{"@type":"Organization","@id":"https:\/\/10001.themedemo.top\/#organization","name":"m\u00e9canique","url":"https:\/\/10001.themedemo.top\/","logo":{"@type":"ImageObject","inLanguage":"fr-FR","@id":"https:\/\/10001.themedemo.top\/#\/schema\/logo\/image\/","url":"https:\/\/10001.themedemo.top\/wp-content\/uploads\/2025\/08\/logo-1.png","contentUrl":"https:\/\/10001.themedemo.top\/wp-content\/uploads\/2025\/08\/logo-1.png","width":300,"height":90,"caption":"mechanical"},"image":{"@id":"https:\/\/10001.themedemo.top\/#\/schema\/logo\/image\/"}}]}},"_links":{"self":[{"href":"https:\/\/10001.themedemo.top\/fr\/wp-json\/wp\/v2\/product\/306","targetHints":{"allow":["GET"]}}],"collection":[{"href":"https:\/\/10001.themedemo.top\/fr\/wp-json\/wp\/v2\/product"}],"about":[{"href":"https:\/\/10001.themedemo.top\/fr\/wp-json\/wp\/v2\/types\/product"}],"replies":[{"embeddable":true,"href":"https:\/\/10001.themedemo.top\/fr\/wp-json\/wp\/v2\/comments?post=306"}],"wp:featuredmedia":[{"embeddable":true,"href":"https:\/\/10001.themedemo.top\/fr\/wp-json\/wp\/v2\/media\/213"}],"wp:attachment":[{"href":"https:\/\/10001.themedemo.top\/fr\/wp-json\/wp\/v2\/media?parent=306"}],"wp:term":[{"taxonomy":"product_brand","embeddable":true,"href":"https:\/\/10001.themedemo.top\/fr\/wp-json\/wp\/v2\/product_brand?post=306"},{"taxonomy":"product_cat","embeddable":true,"href":"https:\/\/10001.themedemo.top\/fr\/wp-json\/wp\/v2\/product_cat?post=306"},{"taxonomy":"product_tag","embeddable":true,"href":"https:\/\/10001.themedemo.top\/fr\/wp-json\/wp\/v2\/product_tag?post=306"}],"curies":[{"name":"wp","href":"https:\/\/api.w.org\/{rel}","templated":true}]}}